{"id":540,"date":"2020-03-23T11:45:35","date_gmt":"2020-03-23T14:45:35","guid":{"rendered":"http:\/\/comvoce.unifagoc.edu.br\/?page_id=540"},"modified":"2020-03-23T11:45:35","modified_gmt":"2020-03-23T14:45:35","slug":"faq-perguntas-frequentes","status":"publish","type":"page","link":"https:\/\/comvoce.unifagoc.edu.br\/?page_id=540","title":{"rendered":"FAQ &#8211; Perguntas Frequentes"},"content":{"rendered":"\n    <button class=\"accordion\">O que \u00e9 o UNIFAGOC COM VOC\u00ca?<\/button>\n    <div class=\"panel\">\n        <p>\u00c9 um Projeto do Centro Universit\u00e1rio Governador Ozanam Coelho (UNIFAGOC) e integra o Plano Contingencial da\n            Institui\u00e7\u00e3o de preven\u00e7\u00e3o e enfrentamento \u00e0 pandemia do Novo Coronav\u00edrus vivenciada no mundo e no Brasil. O\n            UNIFAGOC COM VOC\u00ca prev\u00ea uma s\u00e9rie de a\u00e7\u00f5es institucionais inovadoras e elevados investimentos no suporte aos\n            alunos, professores, colaboradores e popula\u00e7\u00e3o em geral, a fim de EVITAR o cont\u00e1gio entre a comunidade\n            acad\u00eamica pela COVID-19, o cancelamento total das aulas, dos atendimentos da institui\u00e7\u00e3o, perda do semestre\n            letivo, adiamento de Cola\u00e7\u00f5es de Grau e Formaturas, corte de sal\u00e1rios, eventuais demiss\u00f5es e preju\u00edzos ainda\n            maiores para alunos, professores e colaboradores da Institui\u00e7\u00e3o.<\/p>\n    <\/div>\n\n    <button class=\"accordion\">O que \u00e9 o Regime Letivo Remoto?<\/button>\n    <div class=\"panel\">\n        <p>\u00c9 uma das medidas contingenciais do UNIFAGOC no enfretamento \u00e0 epidemia causada pelo Novo Coronav\u00edrus\n            (COVID-19) com o objetivo de MANTER a presta\u00e7\u00e3o do servi\u00e7o educacional de gradua\u00e7\u00e3o da Institui\u00e7\u00e3o com a\n            mesma qualidade e inova\u00e7\u00e3o que os alunos j\u00e1 conhecem. Esta decis\u00e3o \u00e9 subsidiada pelo Minist\u00e9rio da Educa\u00e7\u00e3o,\n            conforme a Portaria n\u00b0 343, publicada no dia 17 de mar\u00e7o de 2020, no Di\u00e1rio Oficial da Uni\u00e3o, que autoriza a\n            substitui\u00e7\u00e3o das aulas presenciais por aulas em meios digitais at\u00e9 a situa\u00e7\u00e3o ser normalizada.\n            A portaria prev\u00ea: \u201cSubstitui\u00e7\u00e3o das disciplinas presenciais, em andamento, por aulas que utilizem meios e\n            tecnologias de informa\u00e7\u00e3o e comunica\u00e7\u00e3o, nos limites estabelecidos pela legisla\u00e7\u00e3o em vigor, de que trata o\n            art. 2o do Decreto no 9235, de 15 de dezembro de 2017\u201d.<\/p>\n    <\/div>\n\n    <button class=\"accordion\">O Regime Letivo Remoto \u00e9 EAD? Quais s\u00e3o as diferen\u00e7as?<\/button>\n    <div class=\"panel\">\n        <p>O Regime Letivo Remoto do UNIFAGOC N\u00c3O \u00e9 EAD. No Ensino \u00e0 Dist\u00e2ncia, h\u00e1 um Projeto Pedag\u00f3gico e ferramentas\n            padronizadas para a oferta de um determinado curso, al\u00e9m disso n\u00e3o h\u00e1 professor acompanhando os alunos em\n            cada disciplina, apenas, um tutor que chega a monitorar at\u00e9 500 alunos. J\u00e1 o Regime Letivo Remoto, \u00e9 uma\n            medida emergencial, transit\u00f3ria e de garantia ao direito \u00e0 educa\u00e7\u00e3o dos alunos do UNIFAGOC, al\u00e9m de estar\n            autorizada pelo Minist\u00e9rio da Educa\u00e7\u00e3o. A implanta\u00e7\u00e3o do Regime Letivo Remoto n\u00e3o altera a modalidade de\n            ensino dos cursos, os quais continuam sendo considerados como presenciais, e nem diminui os custos da\n            Institui\u00e7\u00e3o, visto que, com a substitui\u00e7\u00e3o tempor\u00e1ria das aulas te\u00f3ricas presenciais pelas remotas,\n            utilizando meios e tecnologias de informa\u00e7\u00e3o e comunica\u00e7\u00e3o, o UNIFAGOC elevou os investimentos em\n            infraestrutura tecnol\u00f3gica e tem seu Grupo Diretivo, colaboradores e professores trabalhando exaustivamente\n            no sentido de EVITAR a perda de um semestre inteiro e preju\u00edzos maiores para todos os alunos e seus\n            familiares.\n            O UNIFAGOC n\u00e3o est\u00e1 ofertando cursos EAD para alunos que contrataram cursos presenciais. Est\u00e1 lutando para\n            garantir os cursos em um momento em que eles n\u00e3o podem mais ser presenciais. Est\u00e1 investindo pesado em\n            Sistemas, professores e colaboradores, os quais est\u00e3o adaptando os mesmos conte\u00fados das aulas presenciais e\n            dos servi\u00e7os institucionais \u00e0 nova, moderna e irrevers\u00edvel realidade neste momento atual vivido pelo Brasil\n            e pelo mundo: um tipo de aula com apoio de tecnologia, em que os alunos experimentar\u00e3o muitas inova\u00e7\u00f5es\n            pedag\u00f3gicas at\u00e9 podermos retornar ao Regime Letivo Normal. <\/p>\n    <\/div>\n\n    <button class=\"accordion\">Com a suspens\u00e3o das aulas presenciais, h\u00e1 diminui\u00e7\u00e3o dos custos da Institui\u00e7\u00e3o?<\/button>\n    <div class=\"panel\">\n        <p><strong>N\u00e3o<\/strong>. Muito pelo contr\u00e1rio, todos os custos aumentaram e n\u00e3o ser\u00e3o repassados aos alunos. O\n            UNIFAGOC investiu\n            e continuar\u00e1 investindo pelo tempo que for necess\u00e1rio em estrutura, equipamentos e sistemas tecnol\u00f3gicos\n            para suportar as elevadas demandas de acesso, produ\u00e7\u00e3o e uploads de materiais, aquisi\u00e7\u00e3o e cria\u00e7\u00e3o de\n            ferramentas para suporte e atendimento online aos alunos, professores e colaboradores, al\u00e9m de treinamentos\n            remotos, qualifica\u00e7\u00f5es e acompanhamento de nossas equipes no trabalho home office com toda infraestrutura\n            fornecida e horas extras pagas pela institui\u00e7\u00e3o.\n            Destacamos ainda que as aulas remotas ser\u00e3o realizadas pelos pr\u00f3prios docentes do curso, seguindo a mesma\n            carga hor\u00e1ria das disciplinas e o Plano Pedag\u00f3gico do Curso para este semestre, com as devidas adapta\u00e7\u00f5es \u00e0\n            realidade atual. Portanto, n\u00e3o h\u00e1 substitui\u00e7\u00e3o de professores e\/ou colaboradores e nem diminui\u00e7\u00e3o de carga\n            hor\u00e1ria dos mesmos, inclusive dos docentes com aulas pr\u00e1ticas e laboratoriais que continuar\u00e3o recebendo\n            normalmente mesmo sem lecion\u00e1-las neste primeiro momento, j\u00e1 que ser\u00e3o repostas ao t\u00e9rmino da suspens\u00e3o das\n            aulas presenciais sem custo adicional ao aluno. Dessa forma, todo o custo mensal da institui\u00e7\u00e3o continua o\n            mesmo.\n            Contamos com a compreens\u00e3o de nossos alunos nesse momento de adversidade para todos, no qual constru\u00edmos em\n            tempo recorde o m\u00e9todo ideal para manuten\u00e7\u00e3o da presta\u00e7\u00e3o de nossos servi\u00e7os educacionais sem a perda da\n            qualidade. Tal modelo est\u00e1 sendo adotado pelas Melhores Universidades do Brasil e do Mundo e \u00e9 autorizado\n            pelo Minist\u00e9rio da Educa\u00e7\u00e3o. \u00c9 momento de focarmos na solu\u00e7\u00e3o e trabalharmos juntos no andamento de um bom\n            semestre letivo para todos.<\/p>\n    <\/div>\n\n    <button class=\"accordion\">Por que n\u00e3o cancelar o semestre e repor as aulas nas f\u00e9rias?<\/button>\n    <div class=\"panel\">\n        <p>Esta medida ocasionaria preju\u00edzos enormes para alunos e professores como: adiamento da Cola\u00e7\u00e3o de Grau e\n            Formatura de todos os discentes, aumento no tempo de forma\u00e7\u00e3o acad\u00eamica, impedimento na conquista de vagas\n            de empregos em cargos que exigem ensino superior e altera\u00e7\u00e3o de todo Calend\u00e1rio Acad\u00eamico para cumprir a\n            determina\u00e7\u00e3o da legisla\u00e7\u00e3o de no m\u00ednimo 200 dias letivos. Al\u00e9m disso, n\u00e3o podemos tomar tal medida sem a\n            autoriza\u00e7\u00e3o do Sindicato dos Professores que j\u00e1 estabelece obrigatoriamente como per\u00edodo de f\u00e9rias do corpo\n            docente das Institui\u00e7\u00f5es de Ensino Superior os meses de julho e janeiro.\n            \u00c9 por estar pensando exclusivamente em seus alunos que o UNIFAGOC optou pelo Regime Letivo Remoto para aulas\n            te\u00f3ricas e informar\u00e1 o calend\u00e1rio de reposi\u00e7\u00e3o das aulas pr\u00e1ticas ao fim da suspens\u00e3o das atividades\n            presenciais. <\/p>\n    <\/div>\n\n    <button class=\"accordion\">Alunos de quais cursos est\u00e3o inclu\u00eddos no Regime Letivo Remoto com in\u00edcio no dia 23 de\n        mar\u00e7o de 2020?<\/button>\n    <div class=\"panel\">\n        <p>Todos os alunos das gradua\u00e7\u00f5es do UNIFAGOC em Administra\u00e7\u00e3o, Ci\u00eancia da Computa\u00e7\u00e3o, Ci\u00eancias Contabeis,\n            Direito, Educa\u00e7\u00e3o F\u00edsica (Bacharelado e Licenciatura), Enfermagem, Est\u00e9tica e Cosm\u00e9tica, Nutri\u00e7\u00e3o,\n            Odontologia, Pedagogia e Psicologia. (Clique aqui e baixe o e-book com todas as orienta\u00e7\u00f5es)<\/p>\n    <\/div>\n\n    <button class=\"accordion\">O curso de Medicina tamb\u00e9m ter\u00e1 aulas remotas?<\/button>\n    <div class=\"panel\">\n        <p><strong>Sim<\/strong>. A portaria do Minist\u00e9rio da Educa\u00e7\u00e3o n\u00b0 345, publicada no Di\u00e1rio Oficial da Uni\u00e3o em 17\n            de mar\u00e7o de\n            2020, autorizou a substitui\u00e7\u00e3o das aulas presenciais pelas remotas nas disciplinas te\u00f3ricas-cognitivas do\n            primeiro ao quarto ano do curso. Em breve, informaremos o in\u00edcio e como funcionar\u00e1 o Regime Letivo Remoto\n            para a Medicina UNIFAGOC.<\/p>\n    <\/div>\n\n    <button class=\"accordion\">Como funcionar\u00e3o as atividades do Internato da Medicina?<\/button>\n    <div class=\"panel\">\n        <p>As atividades do Internato da Medicina UNIFAGOC continuam suspensas. No entanto, no dia 20 de mar\u00e7o de 2020,\n            o Minist\u00e9rio da Educa\u00e7\u00e3o publicou a portaria n\u00b0 356 autorizando, em car\u00e1ter excepcional, os alunos\n            regularmente matriculados nos dois \u00faltimos anos do curso de Medicina a realizarem o est\u00e1gio curricular\n            obrigat\u00f3rio em unidades b\u00e1sicas de sa\u00fade, unidades de pronto atendimento, rede hospitalar e comunidades a\n            serem especificadas pelo Minist\u00e9rio da Sa\u00fade, enquanto durar a situa\u00e7\u00e3o de emerg\u00eancia de sa\u00fade p\u00fablica\n            decorrente da COVID-19 (coronav\u00edrus). As \u00e1reas autorizadas s\u00e3o as de Cl\u00ednica M\u00e9dica, Pediatria e Sa\u00fade\n            Coletiva, al\u00e9m do apoio \u00e0s fam\u00edlias e aos grupos de risco, de acordo com as especificidades do curso.\n            Os alunos interessados dever\u00e3o obrigatoriamente se inscrever conforme orienta\u00e7\u00f5es que ser\u00e3o apresentadas\n            pelo Minist\u00e9rio da Educa\u00e7\u00e3o nos pr\u00f3ximos dias. Caber\u00e1 ao Minist\u00e9rio da Sa\u00fade selecionar, alocar e organizar\n            os alunos volunt\u00e1rios, n\u00e3o tendo o UNIFAGOC nenhuma responsabilidade neste processo. Ao voluntariado, ser\u00e1\n            emitido Certificado de Participa\u00e7\u00e3o no Esfor\u00e7o de Conten\u00e7\u00e3o da Pandemia pelo UNA-SUS (Universidade Aberta do\n            SUS), com a respectiva carga hor\u00e1ria efetivamente cumprida e que ser\u00e1 utilizada na substitui\u00e7\u00e3o de horas\n            devidas em sede de est\u00e1gio obrigat\u00f3rio nas \u00e1reas de Cl\u00ednica M\u00e9dica, Pediatria e Sa\u00fade Coletiva. A atua\u00e7\u00e3o\n            dos alunos \u00e9 de car\u00e1ter relevante e ser\u00e1 considerada na pontua\u00e7\u00e3o para ingresso nos cursos de resid\u00eancia\n            m\u00e9dica.<\/p>\n    <\/div>\n\n    <button class=\"accordion\">\u00c9 preciso pagar a mensalidade mesmo sem estar indo ao Campus?<\/button>\n    <div class=\"panel\">\n        <p><strong>Sim<\/strong>. O UNIFAGOC manter\u00e1 a presta\u00e7\u00f5es dos servi\u00e7os educacionais contratados. Apesar das\n            atividades presenciais\n            estarem suspensas, TODOS os professores e colaboradores continuam trabalhando normalmente, com a mesma carga\n            hor\u00e1ria, para que as aulas e os atendimentos remotos aconte\u00e7am com a mesma qualidade e inova\u00e7\u00e3o,\n            caracter\u00edsticas de nossa Institui\u00e7\u00e3o. Al\u00e9m disso, o Grupo Diretivo da IES n\u00e3o est\u00e1 poupando esfor\u00e7os e\n            investimentos para manter a excel\u00eancia de todos os servi\u00e7os educacionais prestados pelo UNIFAGOC \u00e0\n            comunidade acad\u00eamica e \u00e0 popula\u00e7\u00e3o de Ub\u00e1 e Regi\u00e3o.<\/p>\n    <\/div>\n\n    <button class=\"accordion\">O valor das mensalidades ser\u00e1 alterado?<\/button>\n    <div class=\"panel\">\n        <p><strong>N\u00e3o<\/strong>. De acordo com a Lei Federal 9.870\/99, a contrata\u00e7\u00e3o dos servi\u00e7os particulares de\n            educa\u00e7\u00e3o se d\u00e1 por\n            anuidades ou semestralidade \u2013 dependendo se o contrato for pr\u00e9-escola, Ensino Fundamental, M\u00e9dio ou\n            Superior. No par\u00e1grafo 5 da referida lei, &#8220;o valor total, anual ou semestral, apurado na forma dos\n            par\u00e1grafos precedentes, ter\u00e1 vig\u00eancia por um ano e ser\u00e1 dividido em doze ou seis parcelas mensais iguais&#8221;.\n            Dessa forma, a suspens\u00e3o das aulas presenciais nas institui\u00e7\u00f5es de ensino n\u00e3o implica em descontos nas\n            mensalidades. <\/p>\n    <\/div>\n\n    <button class=\"accordion\">A quem recorrer se o meu boleto de mensalidade estiver vencido?<\/button>\n    <div class=\"panel\">\n        <p>Contate a Secretaria Financeira do UNIFAGOC pelo whatsapp (32) 99928-4084, pelo chat no site\n            comvoce.unifagoc.edu.br ou pelo telefone (32) 3539-5600, de segunda a sexta-feira, das 9h \u00e0s 19h.<\/p>\n    <\/div>\n\n    <button class=\"accordion\">O que fa\u00e7o se tiver o sal\u00e1rio reduzido ou perder o emprego por causa da pandemia?<\/button>\n    <div class=\"panel\">\n        <p>Comunique imediatamente a Secretaria Financeira do UNIFAGOC para encontrar juntamente ao nosso Time uma\n            solu\u00e7\u00e3o tempor\u00e1ria para pagamento das mensalidades de seu curso. Os canais de atendimento s\u00e3o o whatsapp\n            (32) 99928-4084, o chat no site comvoce.unifagoc.edu.br ou o telefone (32) 3539-5600, de segunda a\n            sexta-feira, das 9h \u00e0s 19h.<\/p>\n    <\/div>\n\n    <button class=\"accordion\">O que fa\u00e7o se n\u00e3o tiver internet ou computador para acessar as aulas remotas?<\/button>\n    <div class=\"panel\">\n        <p>Contate o Diretor de seu curso ou a equipe de Suporte do SIGA pelo chat no site comvoce.unifagoc.edu.br, de\n            segunda a sexta-feira, das 10h \u00e0s 23h.<\/p>\n    <\/div>\n\n    <button class=\"accordion\">O UNIFAGOC vai substituir as atividades pr\u00e1ticas por atividades te\u00f3ricas?<\/button>\n    <div class=\"panel\">\n        <p><strong>N\u00e3o<\/strong>. O calend\u00e1rio de reposi\u00e7\u00e3o das aulas pr\u00e1ticas ser\u00e1 informado ao fim da suspens\u00e3o. Por\n            enquanto, somente\n            as aulas te\u00f3ricas ocorrer\u00e3o de forma remota por meio do SIGA e demais tecnologias de informa\u00e7\u00e3o e\n            comunica\u00e7\u00e3o. O UNIFAGOC continuar\u00e1 pagando normalmente os professores com aulas pr\u00e1ticas e laboratoriais\n            neste per\u00edodo de suspens\u00e3o, visto que as mesmas ser\u00e3o repostas posteriormente sem nenhum custo adicional aos\n            alunos.<\/p>\n    <\/div>\n\n    <button class=\"accordion\">Est\u00e1gios obrigat\u00f3rios est\u00e3o mantidos?<\/button>\n    <div class=\"panel\">\n        <p>At\u00e9 o dia 31 de mar\u00e7o, as atividades em campo de todos os alunos regularmente matriculados nas disciplinas de\n            Est\u00e1gio Supervisionado Obrigat\u00f3rio est\u00e3o suspensas, bem como os atendimentos e os servi\u00e7os prestados pelo\n            N\u00facleo de Pr\u00e1ticas Jur\u00eddicas do UNIFAGOC (NPJ), Centro de Pesquisas e Pr\u00e1ticas em Psicologia Nise da\n            Silveira (Nise) e Cl\u00ednica de Odontologia. Recomendamos, tamb\u00e9m, a suspens\u00e3o das atividades em campo dos\n            alunos regularmente matriculados na disciplina de Est\u00e1gio \u2013 em car\u00e1ter n\u00e3o-obrigat\u00f3rio. Neste caso, o\n            estudante deve seguir as orienta\u00e7\u00f5es da empresa Concedente-Supervisor do Campo. <\/p>\n    <\/div>\n\n    <button class=\"accordion\">Como funcionar\u00e1 a Inicia\u00e7\u00e3o Cient\u00edfica e as orienta\u00e7\u00f5es de TCC?<\/button>\n    <div class=\"panel\">\n        <p>Orienta\u00e7\u00e3o de Trabalho de Conclus\u00e3o de Curso e Inicia\u00e7\u00e3o Cient\u00edfica ter\u00e3o os encontros presenciais suspensos\n            e devem ser incorporados ao Regime Letivo Remoto, com todas as orienta\u00e7\u00f5es e acompanhamentos dos projetos\n            realizados de forma virtual e eletr\u00f4nica de acordo com o estabelecido pela dire\u00e7\u00e3o de cada curso e\/ou\n            professor orientador.<\/p>\n    <\/div>\n\n    <button class=\"accordion\">As provas e atividades avaliativas ser\u00e3o feitas remotamente tamb\u00e9m?<\/button>\n    <div class=\"panel\">\n        <p>Por enquanto n\u00e3o. Durante o Regime Letivo Remoto, n\u00e3o est\u00e1 prevista a aplica\u00e7\u00e3o de provas. As mesmas est\u00e3o\n            adiadas para um momento em que a situa\u00e7\u00e3o j\u00e1 estiver devidamente regularizada. Qualquer altera\u00e7\u00e3o, a\n            Institui\u00e7\u00e3o comunicar\u00e1 imediatamente. Trabalho, Semin\u00e1rios e Atividades Avaliativas foram repensadas e\n            adaptadas para que sejam feitas de forma remota via SIGA. Vale ressaltar que haver\u00e1 atividades avaliativas\n            efetuadas semanalmente pelo SIGA de cada um dos Materiais Did\u00e1ticos de Estudos Remoto.<\/p>\n    <\/div>\n\n    <button class=\"accordion\">Por quanto tempo funcionar\u00e1 o Regime Letivo Remoto?<\/button>\n    <div class=\"panel\">\n        <p>A situa\u00e7\u00e3o ser\u00e1 monitorada diariamente pelo Grupo Diretivo do UNIFAGOC. A cada quinze dias emitiremos um\n            comunicado informando sobre a continuidade ou n\u00e3o dos procedimentos de aulas e atendimentos remotos de\n            acordo com o avan\u00e7o ou controle da epidemia no Brasil e no mundo. <\/p>\n    <\/div>\n\n    <button class=\"accordion\">Como posso falar com a Secretaria Acad\u00eamica?<\/button>\n    <div class=\"panel\">\n        <p>De segunda a sexta-feira, das 9h \u00e0s 19h, pelo whatsapp (32) 98417-4865, e-mail\n            secretaria.geral@unifagoc.edu.br, chat no site comvoce.unifagoc.edu.br ou telefone (32) 3539-5600.<\/p>\n    <\/div>\n\n    <button class=\"accordion\">Como fa\u00e7o para fazer empr\u00e9stimo de livros na Biblioteca?<\/button>\n    <div class=\"panel\">\n        <p>Nossas Bibliotecas Virtuais est\u00e3o 100% online e \u00e0 disposi\u00e7\u00e3o de nossa comunidade acad\u00eamica por meio do SIGA.\n            A Biblioteca no Campus estar\u00e1 fechada e os alunos com devolu\u00e7\u00e3o de livros programada para este per\u00edodo\n            contar\u00e3o com renova\u00e7\u00e3o autom\u00e1tica sem qualquer preju\u00edzo.\n        <\/p>\n    <\/div>\n\n    <button class=\"accordion\">Como funcionar\u00e3o as atividades da P\u00f3s-Gradua\u00e7\u00e3o?<\/button>\n    <div class=\"panel\">\n        <p>Nossas aulas da P\u00f3s-Gradua\u00e7\u00e3o est\u00e3o adiadas, tanto as realizadas em nosso Campus, em Ub\u00e1, quanto as que\n            ocorrem nos Polos, junto aos nossos parceiros. Caso tenha alguma d\u00favida, contate nosso Time pelo whatsapp\n            (32) 99923-4191, e-mail contatopos@unifagoc.edu.br, chat no site comvoce.unifagoc.edu.br ou telefone (32)\n            3539-5600, de segunda a sexta-feira, das 9h \u00e0s 19h.\n        <\/p>\n    <\/div>\n\n    <button class=\"accordion\">Tenho d\u00favidas ao utilizar o SIGA e o modelo letivo Remoto, como fazer?<\/button>\n    <div class=\"panel\">\n        <p>Acesse o site comvoce.unifagoc.edu.br e converse pelo chat com um de nossos especialistas. O hor\u00e1rio de\n            atendimento \u00e9 de segunda a sexta-feira, das 10h \u00e0s 23h.\n        <\/p>\n    <\/div>\n\n    <button class=\"accordion\">Preciso entrar em contato com o UNIFAGOC, como fazer?<\/button>\n    <div class=\"panel\">\n        <p>Nosso Time est\u00e1 dispon\u00edvel de segunda a sexta-feira, das 8h \u00e0s 18h, pelo whatsapp (32) 99810-5600, e-mail\n            faleconosco@unifagoc.edu.br, chat no site comvoce.unifagoc.edu.br, telefone 0800 037 5600, Facebook ou\n            Instagram @unifagoc.\n        <\/p>\n    <\/div>\n    <style>\n        \/* Style the buttons that are used to open and close the accordion panel *\/\n        .accordion {\n            background-color: rgb(60, 132, 118);\n            color: white;\n            cursor: pointer;\n            padding: 18px;\n            width: 100%;\n            text-align: left;\n            border: none;\n            outline: none;\n            transition: 0.4s;\n        }\n\n        \/* Add a background color to the button if it is clicked on (add the .active class with JS), and when you move the mouse over it (hover) *\/\n        .active,\n        .accordion:hover {\n            background-color: #95d0c4;\n            color: black;\n\n        }\n\n        \/* Style the accordion panel. Note: hidden by default *\/\n        .panel {\n            padding: 0 18px;\n            background-color: white;\n            display: none;\n            overflow: hidden;\n        }\n    <\/style>\n\n    <script>var acc = document.getElementsByClassName(\"accordion\");\n        var i;\n\n        for (i = 0; i < acc.length; i++) {\n            acc[i].addEventListener(\"click\", function () {\n                \/* Toggle between adding and removing the \"active\" class,\n                to highlight the button that controls the panel *\/\n                this.classList.toggle(\"active\");\n\n                \/* Toggle between hiding and showing the active panel *\/\n                var panel = this.nextElementSibling;\n                if (panel.style.display === \"block\") {\n                    panel.style.display = \"none\";\n                } else {\n                    panel.style.display = \"block\";\n                }\n            });\n        }<\/script>\n","protected":false},"excerpt":{"rendered":"<p>O que \u00e9 o UNIFAGOC COM VOC\u00ca? \u00c9 um Projeto do Centro Universit\u00e1rio Governador Ozanam Coelho (UNIFAGOC) e integra o Plano Contingencial da Institui\u00e7\u00e3o de preven\u00e7\u00e3o e enfrentamento \u00e0 pandemia &#8230;<\/p>\n","protected":false},"author":6,"featured_media":0,"parent":0,"menu_order":0,"comment_status":"closed","ping_status":"closed","template":"","meta":{"footnotes":""},"class_list":["post-540","page","type-page","status-publish","hentry"],"_links":{"self":[{"href":"https:\/\/comvoce.unifagoc.edu.br\/index.php?rest_route=\/wp\/v2\/pages\/540","targetHints":{"allow":["GET"]}}],"collection":[{"href":"https:\/\/comvoce.unifagoc.edu.br\/index.php?rest_route=\/wp\/v2\/pages"}],"about":[{"href":"https:\/\/comvoce.unifagoc.edu.br\/index.php?rest_route=\/wp\/v2\/types\/page"}],"author":[{"embeddable":true,"href":"https:\/\/comvoce.unifagoc.edu.br\/index.php?rest_route=\/wp\/v2\/users\/6"}],"replies":[{"embeddable":true,"href":"https:\/\/comvoce.unifagoc.edu.br\/index.php?rest_route=%2Fwp%2Fv2%2Fcomments&post=540"}],"version-history":[{"count":2,"href":"https:\/\/comvoce.unifagoc.edu.br\/index.php?rest_route=\/wp\/v2\/pages\/540\/revisions"}],"predecessor-version":[{"id":2668,"href":"https:\/\/comvoce.unifagoc.edu.br\/index.php?rest_route=\/wp\/v2\/pages\/540\/revisions\/2668"}],"wp:attachment":[{"href":"https:\/\/comvoce.unifagoc.edu.br\/index.php?rest_route=%2Fwp%2Fv2%2Fmedia&parent=540"}],"curies":[{"name":"wp","href":"https:\/\/api.w.org\/{rel}","templated":true}]}}